{"id":7,"date":"2019-05-17T17:14:00","date_gmt":"2019-05-17T15:14:00","guid":{"rendered":"http:\/\/kravmagagrenoble.com\/?page_id=7"},"modified":"2019-05-25T17:37:30","modified_gmt":"2019-05-25T15:37:30","slug":"krav-maga","status":"publish","type":"page","link":"https:\/\/selfdefensegrenoble.fr\/index.php\/krav-maga\/","title":{"rendered":"Krav-Maga"},"content":{"rendered":"\n<h4 class=\"wp-block-heading\">Le Krav Maga, (combat rapproch\u00e9) est un syst\u00e8me d&rsquo;auto d\u00e9fense. Il existe plusieurs courants de Krav Maga. La majorit\u00e9 d&rsquo;entre eux sont de type arts martiaux et d&rsquo;autres comme celui que nous enseignons \u00ab\u00a0<strong>Hardcore Krav-Maga<\/strong>\u00a0\u00bb sont op\u00e9rationnels. <strong>Hardcore Krav-Maga<\/strong> (<strong>HKM<\/strong>) est une m\u00e9thode moderne et \u00e9pur\u00e9e, qui a \u00e9volu\u00e9e au fil du temps gr\u00e2ce aux retours d&rsquo;exp\u00e9riences de vrais hommes de terrain. Du fait de sa simplicit\u00e9, les pratiquants n&rsquo;ont pas besoin d&rsquo;un pr\u00e9-requis en arts martiaux ni en sports de combat car elle est rapidement accessible par toutes et tous. Son efficacit\u00e9 permet de conserver un maximum de chances de survie face \u00e0 une agression.<\/h4>\n\n\n\n<p><strong>NI COMPETITION, NI CHOREGRAPHIE, NOUS TRAVAILLONS AU PLUS PRES DE LA REALITE.<\/strong><\/p>\n\n\n\n<p><strong>NOTRE OBJECTIF N&rsquo;EST PAS DE VOUS FAIRE PASSER DES GRADES OU DES CEINTURES, IL EST SIMPLEMENT DE VOUS APPRENDRE A VOUS DEFENDRE<\/strong>.<\/p>\n","protected":false},"excerpt":{"rendered":"<p>Le Krav Maga, (combat rapproch\u00e9) est un syst\u00e8me d&rsquo;auto d\u00e9fense. Il existe plusieurs courants de Krav Maga. La majorit\u00e9 d&rsquo;entre eux sont de type arts martiaux et d&rsquo;autres comme celui que nous enseignons \u00ab\u00a0Hardcore Krav-Maga\u00a0\u00bb sont op\u00e9rationnels. Hardcore Krav-Maga (HKM) est une m\u00e9thode moderne et \u00e9pur\u00e9e, qui a \u00e9volu\u00e9e au fil du temps gr\u00e2ce aux &#8230; <a title=\"Krav-Maga\" class=\"read-more\" href=\"https:\/\/selfdefensegrenoble.fr\/index.php\/krav-maga\/\">Read more<span class=\"screen-reader-text\">Krav-Maga<\/span><\/a><\/p>\n","protected":false},"author":1,"featured_media":8,"parent":0,"menu_order":0,"comment_status":"closed","ping_status":"closed","template":"","meta":{"footnotes":""},"_links":{"self":[{"href":"https:\/\/selfdefensegrenoble.fr\/index.php\/wp-json\/wp\/v2\/pages\/7"}],"collection":[{"href":"https:\/\/selfdefensegrenoble.fr\/index.php\/wp-json\/wp\/v2\/pages"}],"about":[{"href":"https:\/\/selfdefensegrenoble.fr\/index.php\/wp-json\/wp\/v2\/types\/page"}],"author":[{"embeddable":true,"href":"https:\/\/selfdefensegrenoble.fr\/index.php\/wp-json\/wp\/v2\/users\/1"}],"replies":[{"embeddable":true,"href":"https:\/\/selfdefensegrenoble.fr\/index.php\/wp-json\/wp\/v2\/comments?post=7"}],"version-history":[{"count":14,"href":"https:\/\/selfdefensegrenoble.fr\/index.php\/wp-json\/wp\/v2\/pages\/7\/revisions"}],"predecessor-version":[{"id":285,"href":"https:\/\/selfdefensegrenoble.fr\/index.php\/wp-json\/wp\/v2\/pages\/7\/revisions\/285"}],"wp:featuredmedia":[{"embeddable":true,"href":"https:\/\/selfdefensegrenoble.fr\/index.php\/wp-json\/wp\/v2\/media\/8"}],"wp:attachment":[{"href":"https:\/\/selfdefensegrenoble.fr\/index.php\/wp-json\/wp\/v2\/media?parent=7"}],"curies":[{"name":"wp","href":"https:\/\/api.w.org\/{rel}","templated":true}]}}